{"id":75,"date":"2009-12-11T21:47:02","date_gmt":"2009-12-11T20:47:02","guid":{"rendered":"http:\/\/www.uss-rogue.de\/prawda\/?page_id=2"},"modified":"2013-10-13T15:33:22","modified_gmt":"2013-10-13T13:33:22","slug":"eine-seite-2","status":"publish","type":"page","link":"https:\/\/www.sf-germany.com\/ressorts\/prawda\/?page_id=75","title":{"rendered":"Impressum"},"content":{"rendered":"<p>Die FEDERATION PRAWDA ist die auflagenst\u00e4rkste Zeitung im Alpha-Quadranten. Sie ist unabh\u00e4ngig und \u00fcberparteilich, wenn auch Meinungsfreudig. Sie berichtet vorrangig von den Ereignissen auf den verschiedenen Einheiten der Sternenflotte, aber auch von allen anderen relevanten Begebenheiten.<\/p>\n<p>Die Prawda ist an Meinungen, Kritiken und Leserbriefen ihrer Leser stets interessiert. Ebenso freuen wir uns \u00fcber Bewerbungen.<br \/>\nDiesbez\u00fcgliche Korrespondenz, so wie auch an einzelne Reporter gerichtete Anfragen, ist an die Adresse der <a href=\"mailto:prawda@sf-germany.com\">Chefredaktion<\/a>\u00a0 bestens aufgehoben.<\/p>\n","protected":false},"excerpt":{"rendered":"<p>Die FEDERATION PRAWDA ist die auflagenst\u00e4rkste Zeitung im Alpha-Quadranten. Sie ist unabh\u00e4ngig und \u00fcberparteilich, wenn auch Meinungsfreudig. Sie berichtet vorrangig von den Ereignissen auf den verschiedenen Einheiten der Sternenflotte, aber auch von allen anderen relevanten Begebenheiten. Die Prawda ist an Meinungen, Kritiken und Leserbriefen ihrer Leser stets interessiert. Ebenso freuen wir uns \u00fcber Bewerbungen. Diesbez\u00fcgliche [&hellip;]<\/p>\n","protected":false},"author":8,"featured_media":0,"parent":0,"menu_order":0,"comment_status":"open","ping_status":"closed","template":"","meta":{"footnotes":""},"class_list":["post-75","page","type-page","status-publish","hentry"],"_links":{"self":[{"href":"https:\/\/www.sf-germany.com\/ressorts\/prawda\/index.php?rest_route=\/wp\/v2\/pages\/75","targetHints":{"allow":["GET"]}}],"collection":[{"href":"https:\/\/www.sf-germany.com\/ressorts\/prawda\/index.php?rest_route=\/wp\/v2\/pages"}],"about":[{"href":"https:\/\/www.sf-germany.com\/ressorts\/prawda\/index.php?rest_route=\/wp\/v2\/types\/page"}],"author":[{"embeddable":true,"href":"https:\/\/www.sf-germany.com\/ressorts\/prawda\/index.php?rest_route=\/wp\/v2\/users\/8"}],"replies":[{"embeddable":true,"href":"https:\/\/www.sf-germany.com\/ressorts\/prawda\/index.php?rest_route=%2Fwp%2Fv2%2Fcomments&post=75"}],"version-history":[{"count":14,"href":"https:\/\/www.sf-germany.com\/ressorts\/prawda\/index.php?rest_route=\/wp\/v2\/pages\/75\/revisions"}],"predecessor-version":[{"id":660,"href":"https:\/\/www.sf-germany.com\/ressorts\/prawda\/index.php?rest_route=\/wp\/v2\/pages\/75\/revisions\/660"}],"wp:attachment":[{"href":"https:\/\/www.sf-germany.com\/ressorts\/prawda\/index.php?rest_route=%2Fwp%2Fv2%2Fmedia&parent=75"}],"curies":[{"name":"wp","href":"https:\/\/api.w.org\/{rel}","templated":true}]}}